{"id":30,"date":"2023-12-10T12:03:22","date_gmt":"2023-12-10T11:03:22","guid":{"rendered":"https:\/\/styla.socadis-cadeaux.com\/?post_type=product&#038;p=30"},"modified":"2023-12-10T12:07:43","modified_gmt":"2023-12-10T11:07:43","slug":"table-rio","status":"publish","type":"product","link":"https:\/\/styla.socadis-cadeaux.com\/index.php\/produit\/table-rio\/","title":{"rendered":"TABLE RIO"},"content":{"rendered":"<p>Cette magnifique table au style \u00e9pur\u00e9 trouvera sa place sur n&rsquo;importe quelle terrasse.<\/p>\n<p><img fetchpriority=\"high\" decoding=\"async\" class=\"alignnone size-full wp-image-22\" src=\"https:\/\/styla.socadis-cadeaux.com\/wp-content\/uploads\/2023\/12\/IMAGE_3.jpg\" alt=\"\" width=\"300\" height=\"300\" \/><\/p>\n<p>Un simple coup d&rsquo;\u00e9ponge et c&rsquo;est partie pour un repas en ext\u00e9rieur pour profiter de son jardin en toute saison.<\/p>\n<p>&nbsp;<\/p>\n","protected":false},"excerpt":{"rendered":"<p><img decoding=\"async\" class=\"alignnone size-medium wp-image-32\" src=\"https:\/\/styla.socadis-cadeaux.com\/wp-content\/uploads\/2023\/12\/RIO-300x183.jpg\" alt=\"\" width=\"300\" height=\"183\" \/>Table rio en pierre de synth\u00e8se. Extr\u00eamement r\u00e9sistant sans aucun entretien.<\/p>\n","protected":false},"featured_media":32,"comment_status":"closed","ping_status":"closed","template":"","meta":[],"product_cat":[15],"product_tag":[],"class_list":{"0":"post-30","1":"product","2":"type-product","3":"status-publish","4":"has-post-thumbnail","6":"product_cat-table-de-jardin-html","8":"first","9":"instock","10":"taxable","11":"shipping-taxable","12":"purchasable","13":"product-type-simple"},"_links":{"self":[{"href":"https:\/\/styla.socadis-cadeaux.com\/index.php\/wp-json\/wp\/v2\/product\/30","targetHints":{"allow":["GET"]}}],"collection":[{"href":"https:\/\/styla.socadis-cadeaux.com\/index.php\/wp-json\/wp\/v2\/product"}],"about":[{"href":"https:\/\/styla.socadis-cadeaux.com\/index.php\/wp-json\/wp\/v2\/types\/product"}],"replies":[{"embeddable":true,"href":"https:\/\/styla.socadis-cadeaux.com\/index.php\/wp-json\/wp\/v2\/comments?post=30"}],"wp:featuredmedia":[{"embeddable":true,"href":"https:\/\/styla.socadis-cadeaux.com\/index.php\/wp-json\/wp\/v2\/media\/32"}],"wp:attachment":[{"href":"https:\/\/styla.socadis-cadeaux.com\/index.php\/wp-json\/wp\/v2\/media?parent=30"}],"wp:term":[{"taxonomy":"product_cat","embeddable":true,"href":"https:\/\/styla.socadis-cadeaux.com\/index.php\/wp-json\/wp\/v2\/product_cat?post=30"},{"taxonomy":"product_tag","embeddable":true,"href":"https:\/\/styla.socadis-cadeaux.com\/index.php\/wp-json\/wp\/v2\/product_tag?post=30"}],"curies":[{"name":"wp","href":"https:\/\/api.w.org\/{rel}","templated":true}]}}